{"id":3126,"date":"2022-01-12T20:00:21","date_gmt":"2022-01-12T20:00:21","guid":{"rendered":"https:\/\/armiriki.gr\/new-website\/rooms-double-triple-quadruple-5-bed-rooms-apartments\/"},"modified":"2022-01-18T19:24:12","modified_gmt":"2022-01-18T17:24:12","slug":"sobe-dvokrevetne-cetverokrevetne-5-krevetne-apartmana","status":"publish","type":"page","link":"https:\/\/armiriki.gr\/sr\/sobe-dvokrevetne-cetverokrevetne-5-krevetne-apartmana\/","title":{"rendered":"Sobe"},"content":{"rendered":"\t\t<div data-elementor-type=\"wp-page\" data-elementor-id=\"3126\" class=\"elementor elementor-3126 elementor-397\" data-elementor-post-type=\"page\">\n\t\t\t\t\t\t<section class=\"elementor-section elementor-top-section elementor-element elementor-element-192e242 elementor-section-full_width elementor-section-height-full elementor-section-height-default elementor-section-items-middle\" data-id=\"192e242\" data-element_type=\"section\" id=\"top\" data-settings=\"{&quot;background_background&quot;:&quot;classic&quot;}\">\n\t\t\t\t\t\t\t<div class=\"elementor-background-overlay\"><\/div>\n\t\t\t\t\t\t\t<div class=\"elementor-container elementor-column-gap-default\">\n\t\t\t\t\t<div class=\"elementor-column elementor-col-100 elementor-top-column elementor-element elementor-element-480e771\" data-id=\"480e771\" data-element_type=\"column\">\n\t\t\t<div class=\"elementor-widget-wrap elementor-element-populated\">\n\t\t\t\t\t\t<div class=\"elementor-element elementor-element-0fe6f6b elementor-widget elementor-widget-heading\" data-id=\"0fe6f6b\" data-element_type=\"widget\" data-widget_type=\"heading.default\">\n\t\t\t\t<div class=\"elementor-widget-container\">\n\t\t\t<style>\/*! elementor - v3.20.0 - 26-03-2024 *\/\n.elementor-heading-title{padding:0;margin:0;line-height:1}.elementor-widget-heading .elementor-heading-title[class*=elementor-size-]>a{color:inherit;font-size:inherit;line-height:inherit}.elementor-widget-heading .elementor-heading-title.elementor-size-small{font-size:15px}.elementor-widget-heading .elementor-heading-title.elementor-size-medium{font-size:19px}.elementor-widget-heading .elementor-heading-title.elementor-size-large{font-size:29px}.elementor-widget-heading .elementor-heading-title.elementor-size-xl{font-size:39px}.elementor-widget-heading .elementor-heading-title.elementor-size-xxl{font-size:59px}<\/style><h2 class=\"elementor-heading-title elementor-size-default\">Na\u0161e Sobe<\/h2>\t\t<\/div>\n\t\t\t\t<\/div>\n\t\t\t\t<div class=\"elementor-element elementor-element-efe3d15 elementor-widget elementor-widget-text-editor\" data-id=\"efe3d15\" data-element_type=\"widget\" data-widget_type=\"text-editor.default\">\n\t\t\t\t<div class=\"elementor-widget-container\">\n\t\t\t<style>\/*! elementor - v3.20.0 - 26-03-2024 *\/\n.elementor-widget-text-editor.elementor-drop-cap-view-stacked .elementor-drop-cap{background-color:#69727d;color:#fff}.elementor-widget-text-editor.elementor-drop-cap-view-framed .elementor-drop-cap{color:#69727d;border:3px solid;background-color:transparent}.elementor-widget-text-editor:not(.elementor-drop-cap-view-default) .elementor-drop-cap{margin-top:8px}.elementor-widget-text-editor:not(.elementor-drop-cap-view-default) .elementor-drop-cap-letter{width:1em;height:1em}.elementor-widget-text-editor .elementor-drop-cap{float:left;text-align:center;line-height:1;font-size:50px}.elementor-widget-text-editor .elementor-drop-cap-letter{display:inline-block}<\/style>\t\t\t\t<p>Izaberite svoj omiljeni!<\/p>\t\t\t\t\t\t<\/div>\n\t\t\t\t<\/div>\n\t\t\t\t<div class=\"elementor-element elementor-element-8314e6c elementor-widget elementor-widget-image\" data-id=\"8314e6c\" data-element_type=\"widget\" data-widget_type=\"image.default\">\n\t\t\t\t<div class=\"elementor-widget-container\">\n\t\t\t<style>\/*! elementor - v3.20.0 - 26-03-2024 *\/\n.elementor-widget-image{text-align:center}.elementor-widget-image a{display:inline-block}.elementor-widget-image a img[src$=\".svg\"]{width:48px}.elementor-widget-image img{vertical-align:middle;display:inline-block}<\/style>\t\t\t\t\t\t\t\t\t\t<img decoding=\"async\" width=\"360\" height=\"30\" src=\"https:\/\/armiriki.gr\/wp-content\/uploads\/2022\/01\/decor-big-white.png\" class=\"attachment-large size-large wp-image-182\" alt=\"\" srcset=\"https:\/\/armiriki.gr\/wp-content\/uploads\/2022\/01\/decor-big-white.png 360w, https:\/\/armiriki.gr\/wp-content\/uploads\/2022\/01\/decor-big-white-300x25.png 300w\" sizes=\"(max-width: 360px) 100vw, 360px\" \/>\t\t\t\t\t\t\t\t\t\t\t\t\t<\/div>\n\t\t\t\t<\/div>\n\t\t\t\t\t<\/div>\n\t\t<\/div>\n\t\t\t\t\t<\/div>\n\t\t<\/section>\n\t\t\t\t<section class=\"elementor-section elementor-top-section elementor-element elementor-element-42566c5 elementor-section-boxed elementor-section-height-default elementor-section-height-default\" data-id=\"42566c5\" data-element_type=\"section\">\n\t\t\t\t\t\t<div class=\"elementor-container elementor-column-gap-default\">\n\t\t\t\t\t<div class=\"elementor-column elementor-col-100 elementor-top-column elementor-element elementor-element-009c318\" data-id=\"009c318\" data-element_type=\"column\">\n\t\t\t<div class=\"elementor-widget-wrap elementor-element-populated\">\n\t\t\t\t\t\t<div class=\"elementor-element elementor-element-3d0f6eb elementor-widget elementor-widget-heading\" data-id=\"3d0f6eb\" data-element_type=\"widget\" data-widget_type=\"heading.default\">\n\t\t\t\t<div class=\"elementor-widget-container\">\n\t\t\t<h2 class=\"elementor-heading-title elementor-size-default\">Sobe Opis<\/h2>\t\t<\/div>\n\t\t\t\t<\/div>\n\t\t\t\t<div class=\"elementor-element elementor-element-7c5070d elementor-widget elementor-widget-text-editor\" data-id=\"7c5070d\" data-element_type=\"widget\" data-widget_type=\"text-editor.default\">\n\t\t\t\t<div class=\"elementor-widget-container\">\n\t\t\t\t\t\t\t<p>Kliknite na sledec\u0301e sobe i apartmane da proverite njihove pogodnosti i proverite dostupnost sobe koja odgovara va\u0161im potrebama. Mo\u017eete proveriti i posetiti na\u0161\u00a0<a href=\"https:\/\/www.armiriki.gr\/sr\/facebook-najnovije-poruke-fotografije-video-ponude\/\">Facebook<\/a>\u00a0da biste proverili posebne cene i ponude.<\/p>\t\t\t\t\t\t<\/div>\n\t\t\t\t<\/div>\n\t\t\t\t\t<\/div>\n\t\t<\/div>\n\t\t\t\t\t<\/div>\n\t\t<\/section>\n\t\t\t\t<section class=\"elementor-section elementor-top-section elementor-element elementor-element-3cbcd33 elementor-section-boxed elementor-section-height-default elementor-section-height-default\" data-id=\"3cbcd33\" data-element_type=\"section\">\n\t\t\t\t\t\t<div class=\"elementor-container elementor-column-gap-default\">\n\t\t\t\t\t<div class=\"elementor-column elementor-col-100 elementor-top-column elementor-element elementor-element-143bea8\" data-id=\"143bea8\" data-element_type=\"column\">\n\t\t\t<div class=\"elementor-widget-wrap elementor-element-populated\">\n\t\t\t\t\t\t<div class=\"elementor-element elementor-element-2c7ce9d elementor-posts--thumbnail-top elementor-grid-3 elementor-grid-tablet-2 elementor-grid-mobile-1 elementor-widget elementor-widget-posts\" data-id=\"2c7ce9d\" data-element_type=\"widget\" data-settings=\"{&quot;custom_columns&quot;:&quot;3&quot;,&quot;custom_columns_tablet&quot;:&quot;2&quot;,&quot;custom_columns_mobile&quot;:&quot;1&quot;,&quot;custom_row_gap&quot;:{&quot;unit&quot;:&quot;px&quot;,&quot;size&quot;:35,&quot;sizes&quot;:[]},&quot;custom_row_gap_tablet&quot;:{&quot;unit&quot;:&quot;px&quot;,&quot;size&quot;:&quot;&quot;,&quot;sizes&quot;:[]},&quot;custom_row_gap_mobile&quot;:{&quot;unit&quot;:&quot;px&quot;,&quot;size&quot;:&quot;&quot;,&quot;sizes&quot;:[]}}\" data-widget_type=\"posts.custom\">\n\t\t\t\t<div class=\"elementor-widget-container\">\n\t\t\t<link rel=\"stylesheet\" href=\"https:\/\/armiriki.gr\/wp-content\/plugins\/elementor-pro\/assets\/css\/widget-posts.min.css\">      <div class=\"ecs-posts elementor-posts-container elementor-posts   elementor-grid elementor-posts--skin-custom\" data-settings=\"{&quot;current_page&quot;:1,&quot;max_num_pages&quot;:0,&quot;load_method&quot;:&quot;&quot;,&quot;widget_id&quot;:&quot;2c7ce9d&quot;,&quot;post_id&quot;:3126,&quot;theme_id&quot;:3126,&quot;change_url&quot;:false,&quot;reinit_js&quot;:false}\">\n      <div class=\"elementor-posts-nothing-found\"><\/div>\t\t<\/div>\n\t\t\t\t<\/div>\n\t\t\t\t<\/div>\n\t\t\t\t\t<\/div>\n\t\t<\/div>\n\t\t\t\t\t<\/div>\n\t\t<\/section>\n\t\t\t\t<\/div>\n\t\t","protected":false},"excerpt":{"rendered":"<p>Na\u0161e Sobe Izaberite svoj omiljeni! Sobe Opis Kliknite na sledec\u0301e sobe i apartmane da proverite njihove pogodnosti i proverite dostupnost sobe koja odgovara va\u0161im potrebama. Mo\u017eete proveriti i posetiti na\u0161\u00a0Facebook\u00a0da biste proverili posebne cene i ponude.<\/p>\n","protected":false},"author":1,"featured_media":0,"parent":0,"menu_order":0,"comment_status":"closed","ping_status":"closed","template":"elementor_header_footer","meta":{"footnotes":""},"yoast_head":"<!-- This site is optimized with the Yoast SEO plugin v22.4 - https:\/\/yoast.com\/wordpress\/plugins\/seo\/ -->\n<title>Dvokrevetna, trokrevetna, \u010detverokrevetne, 5-krevetne sobe, Pla\u017ea Vrasna<\/title>\n<meta name=\"description\" content=\"Ovo je potpuna lista na\u0161ih sobe. Dvokrevetne, trokrevetne, \u010detverokrevetne, 5-krevetne sobe i apartmane \u010dekaju da vas i va\u0161u porodicu ugoste\" \/>\n<meta name=\"robots\" content=\"index, follow, max-snippet:-1, max-image-preview:large, max-video-preview:-1\" \/>\n<link rel=\"canonical\" href=\"https:\/\/armiriki.gr\/sr\/sobe-dvokrevetne-cetverokrevetne-5-krevetne-apartmana\/\" \/>\n<meta property=\"og:locale\" content=\"sr_RS\" \/>\n<meta property=\"og:type\" content=\"article\" \/>\n<meta property=\"og:title\" content=\"Dvokrevetna, trokrevetna, \u010detverokrevetne, 5-krevetne sobe, Pla\u017ea Vrasna\" \/>\n<meta property=\"og:description\" content=\"Ovo je potpuna lista na\u0161ih sobe. Dvokrevetne, trokrevetne, \u010detverokrevetne, 5-krevetne sobe i apartmane \u010dekaju da vas i va\u0161u porodicu ugoste\" \/>\n<meta property=\"og:url\" content=\"https:\/\/armiriki.gr\/sr\/sobe-dvokrevetne-cetverokrevetne-5-krevetne-apartmana\/\" \/>\n<meta property=\"og:site_name\" content=\"Armiriki Rooms\" \/>\n<meta property=\"article:modified_time\" content=\"2022-01-18T17:24:12+00:00\" \/>\n<meta property=\"og:image\" content=\"https:\/\/armiriki.gr\/wp-content\/uploads\/2022\/01\/decor-big-white.png\" \/>\n<meta name=\"twitter:card\" content=\"summary_large_image\" \/>\n<meta name=\"twitter:label1\" content=\"\u041f\u0440\u043e\u0446\u0435\u045a\u0435\u043d\u043e \u0432\u0440\u0435\u043c\u0435 \u0447\u0438\u0442\u0430\u045a\u0430\" \/>\n\t<meta name=\"twitter:data1\" content=\"1 \u043c\u0438\u043d\u0443\u0442\" \/>\n<script type=\"application\/ld+json\" class=\"yoast-schema-graph\">{\"@context\":\"https:\/\/schema.org\",\"@graph\":[{\"@type\":\"WebPage\",\"@id\":\"https:\/\/armiriki.gr\/sr\/sobe-dvokrevetne-cetverokrevetne-5-krevetne-apartmana\/\",\"url\":\"https:\/\/armiriki.gr\/sr\/sobe-dvokrevetne-cetverokrevetne-5-krevetne-apartmana\/\",\"name\":\"Dvokrevetna, trokrevetna, \u010detverokrevetne, 5-krevetne sobe, Pla\u017ea Vrasna\",\"isPartOf\":{\"@id\":\"https:\/\/armiriki.gr\/sr\/#website\"},\"primaryImageOfPage\":{\"@id\":\"https:\/\/armiriki.gr\/sr\/sobe-dvokrevetne-cetverokrevetne-5-krevetne-apartmana\/#primaryimage\"},\"image\":{\"@id\":\"https:\/\/armiriki.gr\/sr\/sobe-dvokrevetne-cetverokrevetne-5-krevetne-apartmana\/#primaryimage\"},\"thumbnailUrl\":\"https:\/\/armiriki.gr\/wp-content\/uploads\/2022\/01\/decor-big-white.png\",\"datePublished\":\"2022-01-12T20:00:21+00:00\",\"dateModified\":\"2022-01-18T17:24:12+00:00\",\"description\":\"Ovo je potpuna lista na\u0161ih sobe. Dvokrevetne, trokrevetne, \u010detverokrevetne, 5-krevetne sobe i apartmane \u010dekaju da vas i va\u0161u porodicu ugoste\",\"breadcrumb\":{\"@id\":\"https:\/\/armiriki.gr\/sr\/sobe-dvokrevetne-cetverokrevetne-5-krevetne-apartmana\/#breadcrumb\"},\"inLanguage\":\"sr-RS\",\"potentialAction\":[{\"@type\":\"ReadAction\",\"target\":[\"https:\/\/armiriki.gr\/sr\/sobe-dvokrevetne-cetverokrevetne-5-krevetne-apartmana\/\"]}]},{\"@type\":\"ImageObject\",\"inLanguage\":\"sr-RS\",\"@id\":\"https:\/\/armiriki.gr\/sr\/sobe-dvokrevetne-cetverokrevetne-5-krevetne-apartmana\/#primaryimage\",\"url\":\"https:\/\/armiriki.gr\/wp-content\/uploads\/2022\/01\/decor-big-white.png\",\"contentUrl\":\"https:\/\/armiriki.gr\/wp-content\/uploads\/2022\/01\/decor-big-white.png\"},{\"@type\":\"BreadcrumbList\",\"@id\":\"https:\/\/armiriki.gr\/sr\/sobe-dvokrevetne-cetverokrevetne-5-krevetne-apartmana\/#breadcrumb\",\"itemListElement\":[{\"@type\":\"ListItem\",\"position\":1,\"name\":\"Home\",\"item\":\"https:\/\/armiriki.gr\/sr\/\"},{\"@type\":\"ListItem\",\"position\":2,\"name\":\"Sobe\"}]},{\"@type\":\"WebSite\",\"@id\":\"https:\/\/armiriki.gr\/sr\/#website\",\"url\":\"https:\/\/armiriki.gr\/sr\/\",\"name\":\"Armiriki Rooms\",\"description\":\"Rent Rooms in Vrasna Beach\",\"publisher\":{\"@id\":\"https:\/\/armiriki.gr\/sr\/#organization\"},\"potentialAction\":[{\"@type\":\"SearchAction\",\"target\":{\"@type\":\"EntryPoint\",\"urlTemplate\":\"https:\/\/armiriki.gr\/sr\/?s={search_term_string}\"},\"query-input\":\"required name=search_term_string\"}],\"inLanguage\":\"sr-RS\"},{\"@type\":\"Organization\",\"@id\":\"https:\/\/armiriki.gr\/sr\/#organization\",\"name\":\"Armiriki Rooms\",\"url\":\"https:\/\/armiriki.gr\/sr\/\",\"logo\":{\"@type\":\"ImageObject\",\"inLanguage\":\"sr-RS\",\"@id\":\"https:\/\/armiriki.gr\/sr\/#\/schema\/logo\/image\/\",\"url\":\"https:\/\/armiriki.gr\/wp-content\/uploads\/2022\/01\/armiriki-logo-white.png\",\"contentUrl\":\"https:\/\/armiriki.gr\/wp-content\/uploads\/2022\/01\/armiriki-logo-white.png\",\"width\":188,\"height\":90,\"caption\":\"Armiriki Rooms\"},\"image\":{\"@id\":\"https:\/\/armiriki.gr\/sr\/#\/schema\/logo\/image\/\"}}]}<\/script>\n<!-- \/ Yoast SEO plugin. -->","yoast_head_json":{"title":"Dvokrevetna, trokrevetna, \u010detverokrevetne, 5-krevetne sobe, Pla\u017ea Vrasna","description":"Ovo je potpuna lista na\u0161ih sobe. Dvokrevetne, trokrevetne, \u010detverokrevetne, 5-krevetne sobe i apartmane \u010dekaju da vas i va\u0161u porodicu ugoste","robots":{"index":"index","follow":"follow","max-snippet":"max-snippet:-1","max-image-preview":"max-image-preview:large","max-video-preview":"max-video-preview:-1"},"canonical":"https:\/\/armiriki.gr\/sr\/sobe-dvokrevetne-cetverokrevetne-5-krevetne-apartmana\/","og_locale":"sr_RS","og_type":"article","og_title":"Dvokrevetna, trokrevetna, \u010detverokrevetne, 5-krevetne sobe, Pla\u017ea Vrasna","og_description":"Ovo je potpuna lista na\u0161ih sobe. Dvokrevetne, trokrevetne, \u010detverokrevetne, 5-krevetne sobe i apartmane \u010dekaju da vas i va\u0161u porodicu ugoste","og_url":"https:\/\/armiriki.gr\/sr\/sobe-dvokrevetne-cetverokrevetne-5-krevetne-apartmana\/","og_site_name":"Armiriki Rooms","article_modified_time":"2022-01-18T17:24:12+00:00","og_image":[{"url":"https:\/\/armiriki.gr\/wp-content\/uploads\/2022\/01\/decor-big-white.png"}],"twitter_card":"summary_large_image","twitter_misc":{"\u041f\u0440\u043e\u0446\u0435\u045a\u0435\u043d\u043e \u0432\u0440\u0435\u043c\u0435 \u0447\u0438\u0442\u0430\u045a\u0430":"1 \u043c\u0438\u043d\u0443\u0442"},"schema":{"@context":"https:\/\/schema.org","@graph":[{"@type":"WebPage","@id":"https:\/\/armiriki.gr\/sr\/sobe-dvokrevetne-cetverokrevetne-5-krevetne-apartmana\/","url":"https:\/\/armiriki.gr\/sr\/sobe-dvokrevetne-cetverokrevetne-5-krevetne-apartmana\/","name":"Dvokrevetna, trokrevetna, \u010detverokrevetne, 5-krevetne sobe, Pla\u017ea Vrasna","isPartOf":{"@id":"https:\/\/armiriki.gr\/sr\/#website"},"primaryImageOfPage":{"@id":"https:\/\/armiriki.gr\/sr\/sobe-dvokrevetne-cetverokrevetne-5-krevetne-apartmana\/#primaryimage"},"image":{"@id":"https:\/\/armiriki.gr\/sr\/sobe-dvokrevetne-cetverokrevetne-5-krevetne-apartmana\/#primaryimage"},"thumbnailUrl":"https:\/\/armiriki.gr\/wp-content\/uploads\/2022\/01\/decor-big-white.png","datePublished":"2022-01-12T20:00:21+00:00","dateModified":"2022-01-18T17:24:12+00:00","description":"Ovo je potpuna lista na\u0161ih sobe. Dvokrevetne, trokrevetne, \u010detverokrevetne, 5-krevetne sobe i apartmane \u010dekaju da vas i va\u0161u porodicu ugoste","breadcrumb":{"@id":"https:\/\/armiriki.gr\/sr\/sobe-dvokrevetne-cetverokrevetne-5-krevetne-apartmana\/#breadcrumb"},"inLanguage":"sr-RS","potentialAction":[{"@type":"ReadAction","target":["https:\/\/armiriki.gr\/sr\/sobe-dvokrevetne-cetverokrevetne-5-krevetne-apartmana\/"]}]},{"@type":"ImageObject","inLanguage":"sr-RS","@id":"https:\/\/armiriki.gr\/sr\/sobe-dvokrevetne-cetverokrevetne-5-krevetne-apartmana\/#primaryimage","url":"https:\/\/armiriki.gr\/wp-content\/uploads\/2022\/01\/decor-big-white.png","contentUrl":"https:\/\/armiriki.gr\/wp-content\/uploads\/2022\/01\/decor-big-white.png"},{"@type":"BreadcrumbList","@id":"https:\/\/armiriki.gr\/sr\/sobe-dvokrevetne-cetverokrevetne-5-krevetne-apartmana\/#breadcrumb","itemListElement":[{"@type":"ListItem","position":1,"name":"Home","item":"https:\/\/armiriki.gr\/sr\/"},{"@type":"ListItem","position":2,"name":"Sobe"}]},{"@type":"WebSite","@id":"https:\/\/armiriki.gr\/sr\/#website","url":"https:\/\/armiriki.gr\/sr\/","name":"Armiriki Rooms","description":"Rent Rooms in Vrasna Beach","publisher":{"@id":"https:\/\/armiriki.gr\/sr\/#organization"},"potentialAction":[{"@type":"SearchAction","target":{"@type":"EntryPoint","urlTemplate":"https:\/\/armiriki.gr\/sr\/?s={search_term_string}"},"query-input":"required name=search_term_string"}],"inLanguage":"sr-RS"},{"@type":"Organization","@id":"https:\/\/armiriki.gr\/sr\/#organization","name":"Armiriki Rooms","url":"https:\/\/armiriki.gr\/sr\/","logo":{"@type":"ImageObject","inLanguage":"sr-RS","@id":"https:\/\/armiriki.gr\/sr\/#\/schema\/logo\/image\/","url":"https:\/\/armiriki.gr\/wp-content\/uploads\/2022\/01\/armiriki-logo-white.png","contentUrl":"https:\/\/armiriki.gr\/wp-content\/uploads\/2022\/01\/armiriki-logo-white.png","width":188,"height":90,"caption":"Armiriki Rooms"},"image":{"@id":"https:\/\/armiriki.gr\/sr\/#\/schema\/logo\/image\/"}}]}},"_links":{"self":[{"href":"https:\/\/armiriki.gr\/sr\/wp-json\/wp\/v2\/pages\/3126"}],"collection":[{"href":"https:\/\/armiriki.gr\/sr\/wp-json\/wp\/v2\/pages"}],"about":[{"href":"https:\/\/armiriki.gr\/sr\/wp-json\/wp\/v2\/types\/page"}],"author":[{"embeddable":true,"href":"https:\/\/armiriki.gr\/sr\/wp-json\/wp\/v2\/users\/1"}],"replies":[{"embeddable":true,"href":"https:\/\/armiriki.gr\/sr\/wp-json\/wp\/v2\/comments?post=3126"}],"version-history":[{"count":14,"href":"https:\/\/armiriki.gr\/sr\/wp-json\/wp\/v2\/pages\/3126\/revisions"}],"predecessor-version":[{"id":4768,"href":"https:\/\/armiriki.gr\/sr\/wp-json\/wp\/v2\/pages\/3126\/revisions\/4768"}],"wp:attachment":[{"href":"https:\/\/armiriki.gr\/sr\/wp-json\/wp\/v2\/media?parent=3126"}],"curies":[{"name":"wp","href":"https:\/\/api.w.org\/{rel}","templated":true}]}}